{"id":13403,"date":"2023-07-03T10:36:05","date_gmt":"2023-07-03T13:36:05","guid":{"rendered":"https:\/\/peccicacco.iwwwo.com.br\/?page_id=13403"},"modified":"2024-02-16T16:36:53","modified_gmt":"2024-02-16T19:36:53","slug":"direito-trabalhista","status":"publish","type":"page","link":"https:\/\/peccicacco.iwwwo.com.br\/?page_id=13403","title":{"rendered":"Direito Trabalhista"},"content":{"rendered":"\r\n<h5><span style=\"color: #ffffff;\">A \u00e1rea Trabalhista do Escrit\u00f3rio Peccicacco Advogados fornece a seus clientes servi\u00e7os consultivos sobre:<\/span><\/h5>\r\n\r\n\r\n\r\n<blockquote class=\"wp-block-quote is-layout-flow wp-block-quote-is-layout-flow\">\r\n<ul class=\"wp-block-list\">\r\n<li><span style=\"color: #ffffff;\">Adequa\u00e7\u00e3o de regime contratual aplic\u00e1vel a respectiva categoria;<\/span><\/li>\r\n\r\n\r\n\r\n<li><span style=\"color: #ffffff;\">Os institutos da equipara\u00e7\u00e3o salarial e\u00a0equival\u00eancia salarial;<\/span><\/li>\r\n\r\n\r\n\r\n<li><span style=\"color: #ffffff;\">Negocia\u00e7\u00f5es coletivas, entre outros.<\/span><\/li>\r\n<\/ul>\r\n<\/blockquote>\r\n\r\n\r\n\r\n<h5><span style=\"color: #ffffff;\">No setor contencioso, o Escrit\u00f3rio Peccicacco Advogados atua estrategicamente em todas as inst\u00e2ncias da Justi\u00e7a do Trabalho, visando a diminui\u00e7\u00e3o do passivo da empresa em procedimentos judiciais inevit\u00e1veis.<\/span><\/h5>\r\n","protected":false},"excerpt":{"rendered":"<p>A \u00e1rea Trabalhista do Escrit\u00f3rio Peccicacco Advogados fornece a seus clientes servi\u00e7os consultivos sobre: No setor contencioso, o Escrit\u00f3rio Peccicacco [&hellip;]<\/p>\n","protected":false},"author":1,"featured_media":25216,"parent":0,"menu_order":0,"comment_status":"closed","ping_status":"closed","template":"","meta":{"footnotes":""},"class_list":["post-13403","page","type-page","status-publish","has-post-thumbnail","hentry"],"_links":{"self":[{"href":"https:\/\/peccicacco.iwwwo.com.br\/index.php?rest_route=\/wp\/v2\/pages\/13403","targetHints":{"allow":["GET"]}}],"collection":[{"href":"https:\/\/peccicacco.iwwwo.com.br\/index.php?rest_route=\/wp\/v2\/pages"}],"about":[{"href":"https:\/\/peccicacco.iwwwo.com.br\/index.php?rest_route=\/wp\/v2\/types\/page"}],"author":[{"embeddable":true,"href":"https:\/\/peccicacco.iwwwo.com.br\/index.php?rest_route=\/wp\/v2\/users\/1"}],"replies":[{"embeddable":true,"href":"https:\/\/peccicacco.iwwwo.com.br\/index.php?rest_route=%2Fwp%2Fv2%2Fcomments&post=13403"}],"version-history":[{"count":14,"href":"https:\/\/peccicacco.iwwwo.com.br\/index.php?rest_route=\/wp\/v2\/pages\/13403\/revisions"}],"predecessor-version":[{"id":25129,"href":"https:\/\/peccicacco.iwwwo.com.br\/index.php?rest_route=\/wp\/v2\/pages\/13403\/revisions\/25129"}],"wp:featuredmedia":[{"embeddable":true,"href":"https:\/\/peccicacco.iwwwo.com.br\/index.php?rest_route=\/wp\/v2\/media\/25216"}],"wp:attachment":[{"href":"https:\/\/peccicacco.iwwwo.com.br\/index.php?rest_route=%2Fwp%2Fv2%2Fmedia&parent=13403"}],"curies":[{"name":"wp","href":"https:\/\/api.w.org\/{rel}","templated":true}]}}