{"id":13405,"date":"2023-07-03T10:40:54","date_gmt":"2023-07-03T13:40:54","guid":{"rendered":"https:\/\/peccicacco.iwwwo.com.br\/?page_id=13405"},"modified":"2024-02-19T15:48:45","modified_gmt":"2024-02-19T18:48:45","slug":"direito-empresarial","status":"publish","type":"page","link":"https:\/\/peccicacco.iwwwo.com.br\/?page_id=13405","title":{"rendered":"Direito Empresarial"},"content":{"rendered":"\r\n<h5><span style=\"color: #ffffff;\">Com atua\u00e7\u00e3o consolidada no \u00e2mbito empresarial, o Escrit\u00f3rio Peccicacco Advogados visa a manuten\u00e7\u00e3o e o crescimento deste setor, focando esfor\u00e7os na \u00e1rea de cobran\u00e7a, recupera\u00e7\u00e3o de cr\u00e9ditos, negocia\u00e7\u00e3o e elabora\u00e7\u00e3o de contratos empresariais.<\/span><\/h5>\r\n<h5><span style=\"color: #ffffff;\">\r\n\r\n<\/span><\/h5>\r\n<h5><span style=\"color: #ffffff;\">Dedicadamente, o Escrit\u00f3rio Peccicacco Advogados presta\u00a0os seguintes servi\u00e7os na \u00e1rea do Direito Empresarial:<\/span><\/h5>\r\n<h5>\r\n<\/h5>\r\n<blockquote class=\"wp-block-quote is-layout-flow wp-block-quote-is-layout-flow\">\r\n\r\n<ul>\r\n<li><span style=\"color: #ffffff;\">Recupera\u00e7\u00e3o de cr\u00e9ditos (cobran\u00e7as judiciais e extrajudiciais);<\/span>\r\n<\/li>\r\n\r\n\r\n\r\n<li><span style=\"color: #ffffff;\">An\u00e1lise da responsabilidade empresarial do s\u00f3cio gerente;<\/span><\/li>\r\n\r\n\r\n\r\n<li><span style=\"color: #ffffff;\">Negocia\u00e7\u00e3o e elabora\u00e7\u00e3o de contratos empresariais.<\/span><\/li>\r\n<\/ul>\r\n<\/blockquote>\r\n<!-- \/wp:post-content -->","protected":false},"excerpt":{"rendered":"<p>Com atua\u00e7\u00e3o consolidada no \u00e2mbito empresarial, o Escrit\u00f3rio Peccicacco Advogados visa a manuten\u00e7\u00e3o e o crescimento deste setor, focando esfor\u00e7os [&hellip;]<\/p>\n","protected":false},"author":1,"featured_media":25217,"parent":0,"menu_order":0,"comment_status":"closed","ping_status":"closed","template":"","meta":{"footnotes":""},"class_list":["post-13405","page","type-page","status-publish","has-post-thumbnail","hentry"],"_links":{"self":[{"href":"https:\/\/peccicacco.iwwwo.com.br\/index.php?rest_route=\/wp\/v2\/pages\/13405","targetHints":{"allow":["GET"]}}],"collection":[{"href":"https:\/\/peccicacco.iwwwo.com.br\/index.php?rest_route=\/wp\/v2\/pages"}],"about":[{"href":"https:\/\/peccicacco.iwwwo.com.br\/index.php?rest_route=\/wp\/v2\/types\/page"}],"author":[{"embeddable":true,"href":"https:\/\/peccicacco.iwwwo.com.br\/index.php?rest_route=\/wp\/v2\/users\/1"}],"replies":[{"embeddable":true,"href":"https:\/\/peccicacco.iwwwo.com.br\/index.php?rest_route=%2Fwp%2Fv2%2Fcomments&post=13405"}],"version-history":[{"count":16,"href":"https:\/\/peccicacco.iwwwo.com.br\/index.php?rest_route=\/wp\/v2\/pages\/13405\/revisions"}],"predecessor-version":[{"id":25231,"href":"https:\/\/peccicacco.iwwwo.com.br\/index.php?rest_route=\/wp\/v2\/pages\/13405\/revisions\/25231"}],"wp:featuredmedia":[{"embeddable":true,"href":"https:\/\/peccicacco.iwwwo.com.br\/index.php?rest_route=\/wp\/v2\/media\/25217"}],"wp:attachment":[{"href":"https:\/\/peccicacco.iwwwo.com.br\/index.php?rest_route=%2Fwp%2Fv2%2Fmedia&parent=13405"}],"curies":[{"name":"wp","href":"https:\/\/api.w.org\/{rel}","templated":true}]}}