{"id":13407,"date":"2023-07-03T10:43:11","date_gmt":"2023-07-03T13:43:11","guid":{"rendered":"https:\/\/peccicacco.iwwwo.com.br\/?page_id=13407"},"modified":"2024-02-16T16:41:30","modified_gmt":"2024-02-16T19:41:30","slug":"direito-tributario-e-administrativo","status":"publish","type":"page","link":"https:\/\/peccicacco.iwwwo.com.br\/?page_id=13407","title":{"rendered":"Direito\u00a0Tribut\u00e1rio e Administrativo"},"content":{"rendered":"\r\n<h5><span style=\"color: #ffffff;\">O Escrit\u00f3rio Peccicacco Advogados atua no ramo de Direito Tribut\u00e1rio, consultiva e contenciosamente, nas esferas administrativa e judicial, sempre adotando a melhor estrat\u00e9gia para seus clientes, norteados pelos Princ\u00edpios de Direito, Constitui\u00e7\u00e3o Federal e arcabou\u00e7o legal, visando alcan\u00e7ar a justi\u00e7a fiscal.<\/span><\/h5>\r\n<h5><span style=\"color: #ffffff;\">\r\n\r\n<\/span><\/h5>\r\n<h5><span style=\"color: #ffffff;\">Preventivamente, elabora pareceres objetivos acerca das consultas e d\u00favidas dos clientes, acompanha negocia\u00e7\u00f5es e opera\u00e7\u00f5es, a fim de diminuir, dentro da legalidade, o impacto financeiro dos tributos incidentes sobre as transa\u00e7\u00f5es e atividades\u00a0exercidas, sempre levando em considera\u00e7\u00e3o todo o ordenamento jur\u00eddico e orienta\u00e7\u00e3o dos Tribunais.<\/span><\/h5>\r\n<h5><span style=\"color: #ffffff;\">\r\n\r\n<\/span><\/h5>\r\n<h5><span style=\"color: #ffffff;\">Quanto ao contencioso, representa seus clientes ativa e passivamente, administrativa e judicialmente, buscando a recupera\u00e7\u00e3o de cr\u00e9ditos, anula\u00e7\u00e3o de autos de infra\u00e7\u00e3o e demais lan\u00e7amentos, a defesa de Direitos e a correta condu\u00e7\u00e3o de Execu\u00e7\u00f5es Fiscais, mantendo o cliente sempre informado quanto \u00e0s a\u00e7\u00f5es e estrat\u00e9gias perpetradas.<\/span><\/h5>\r\n<h5>A Peccicacco trabalha tamb\u00e9m com Acordos Tribut\u00e1rios com a Uni\u00e3o, Estados e Munic\u00edpios, de acordo com a lei 13.988.<\/h5>\r\n<h5><span style=\"color: #ffffff;\">\r\n\r\n<\/span><\/h5>\r\n<h5><span style=\"color: #ffffff;\">Em Direito Administrativo, o Escrit\u00f3rio Peccicacco\u00a0Advogados atua em diversos \u00d3rg\u00e3os da Administra\u00e7\u00e3o P\u00fablica Direta e Indireta, assistindo seus clientes em processos administrativos no \u00e2mbito Federal, Estadual e Municipal.<\/span><\/h5>\r\n<h5><span style=\"color: #ffffff;\">\r\n\r\n<\/span><\/h5>\r\n<h5><span style=\"color: #ffffff;\">O Peccicacco\u00a0Advogados destaca-se, tamb\u00e9m, na atua\u00e7\u00e3o perante a Secretaria do Patrim\u00f4nio da Uni\u00e3o &#8211; SPU, \u00d3rg\u00e3o respons\u00e1vel por administrar os im\u00f3veis por aforamento da Uni\u00e3o. Possui\u00a0vasto conhecimento da legisla\u00e7\u00e3o pertinente e experi\u00eancia em averba\u00e7\u00f5es de transfer\u00eancia de foreiro, unifica\u00e7\u00e3o e desmembramento de RIP, an\u00e1lise de processos administrativos e defesa contra multas e lan\u00e7amentos diversos, direcionando sua aten\u00e7\u00e3o para avalia\u00e7\u00e3o quanto a ocorr\u00eancia de prescri\u00e7\u00e3o\u00a0e de decad\u00eancia, institutos que extinguem cobran\u00e7as de receitas origin\u00e1rias: foro, taxa de ocupa\u00e7\u00e3o e laud\u00eamio.\u00a0<\/span><\/h5>\r\n<h5><span style=\"color: #ffffff;\">\r\n\r\n<\/span><\/h5>\r\n<h5><span style=\"color: #ffffff;\">Desempenha, ainda, a representa\u00e7\u00e3o em A\u00e7\u00f5es Desapropriat\u00f3rias, com especial aten\u00e7\u00e3o \u00e0 legalidade dos atos praticados pela Administra\u00e7\u00e3o P\u00fablica.<\/span><\/h5>\r\n","protected":false},"excerpt":{"rendered":"<p>O Escrit\u00f3rio Peccicacco Advogados atua no ramo de Direito Tribut\u00e1rio, consultiva e contenciosamente, nas esferas administrativa e judicial, sempre adotando [&hellip;]<\/p>\n","protected":false},"author":1,"featured_media":25218,"parent":0,"menu_order":0,"comment_status":"closed","ping_status":"closed","template":"","meta":{"footnotes":""},"class_list":["post-13407","page","type-page","status-publish","has-post-thumbnail","hentry"],"_links":{"self":[{"href":"https:\/\/peccicacco.iwwwo.com.br\/index.php?rest_route=\/wp\/v2\/pages\/13407","targetHints":{"allow":["GET"]}}],"collection":[{"href":"https:\/\/peccicacco.iwwwo.com.br\/index.php?rest_route=\/wp\/v2\/pages"}],"about":[{"href":"https:\/\/peccicacco.iwwwo.com.br\/index.php?rest_route=\/wp\/v2\/types\/page"}],"author":[{"embeddable":true,"href":"https:\/\/peccicacco.iwwwo.com.br\/index.php?rest_route=\/wp\/v2\/users\/1"}],"replies":[{"embeddable":true,"href":"https:\/\/peccicacco.iwwwo.com.br\/index.php?rest_route=%2Fwp%2Fv2%2Fcomments&post=13407"}],"version-history":[{"count":13,"href":"https:\/\/peccicacco.iwwwo.com.br\/index.php?rest_route=\/wp\/v2\/pages\/13407\/revisions"}],"predecessor-version":[{"id":25131,"href":"https:\/\/peccicacco.iwwwo.com.br\/index.php?rest_route=\/wp\/v2\/pages\/13407\/revisions\/25131"}],"wp:featuredmedia":[{"embeddable":true,"href":"https:\/\/peccicacco.iwwwo.com.br\/index.php?rest_route=\/wp\/v2\/media\/25218"}],"wp:attachment":[{"href":"https:\/\/peccicacco.iwwwo.com.br\/index.php?rest_route=%2Fwp%2Fv2%2Fmedia&parent=13407"}],"curies":[{"name":"wp","href":"https:\/\/api.w.org\/{rel}","templated":true}]}}