{"id":13457,"date":"2023-07-05T09:42:38","date_gmt":"2023-07-05T12:42:38","guid":{"rendered":"https:\/\/peccicacco.iwwwo.com.br\/?page_id=13457"},"modified":"2024-02-19T09:51:18","modified_gmt":"2024-02-19T12:51:18","slug":"historia","status":"publish","type":"page","link":"https:\/\/peccicacco.iwwwo.com.br\/?page_id=13457","title":{"rendered":"Hist\u00f3ria"},"content":{"rendered":"<h3><img loading=\"lazy\" decoding=\"async\" class=\"alignleft wp-image-25013 size-full\" src=\"https:\/\/peccicacco.iwwwo.com.br\/wp-content\/uploads\/2024\/01\/mesa2023.jpg\" alt=\"\" width=\"480\" height=\"480\" srcset=\"https:\/\/peccicacco.iwwwo.com.br\/wp-content\/uploads\/2024\/01\/mesa2023.jpg 480w, https:\/\/peccicacco.iwwwo.com.br\/wp-content\/uploads\/2024\/01\/mesa2023-300x300.jpg 300w, https:\/\/peccicacco.iwwwo.com.br\/wp-content\/uploads\/2024\/01\/mesa2023-150x150.jpg 150w\" sizes=\"auto, (max-width: 480px) 100vw, 480px\" \/><span style=\"color: #ffffff;\">Escrit\u00f3rio Peccicacco Advogados<\/span><br \/>\n<span style=\"color: #ffffff;\">OAB\/SP 2.741<\/span><\/h3>\n<p><span style=\"color: #ffffff;\">Fundado em 1990, o Escrit\u00f3rio Peccicacco Advogados tem sua sede no Centro Empresarial de Alphaville, um dos principais polos empresariais de S\u00e3o Paulo e representa\u00e7\u00e3o em todas as capitais do Pa\u00eds, estando equipado com avan\u00e7ados meios tecnol\u00f3gicos e profissionais com alto n\u00edvel t\u00e9cnico para resolver de forma r\u00e1pida e efetiva os assuntos inerentes \u00e0 atividade a que se prop\u00f5e, sempre com produtividade, agilidade e qualidade.<\/span><\/p>\n<p><span style=\"color: #ffffff;\">Com foco nas \u00e1reas Empresarial, Civil e Imobili\u00e1ria, o Escrit\u00f3rio Peccicacco Advogados tem por objetivo obter solu\u00e7\u00f5es jur\u00eddicas para pessoas f\u00edsicas, empresas e grupos nacional com o prop\u00f3sito de prevenir riscos e disputas judiciais.<\/span><\/p>\n<p><span style=\"color: #ffffff;\">Desse modo, o Escrit\u00f3rio Peccicacco Advogados vem estabelecendo as premissas b\u00e1sicas para o futuro, quais sejam: efici\u00eancia, vis\u00e3o preventiva e consultiva, conhecimento t\u00e9cnico e acompanhamento jur\u00eddico \u00e0s necessidades di\u00e1rias de seus clientes.<\/span><br \/>\n&nbsp;<br \/>\n<span style=\"color: #ffffff;\">Conhe\u00e7a as \u00e1reas de atua\u00e7\u00e3o do Escrit\u00f3rio Peccicacco Advogados:<\/span><\/p>\n<blockquote class=\"wp-block-quote\">\n<ul>\n<li><span style=\"color: #ffffff;\"><a style=\"color: #ffffff;\" href=\"https:\/\/peccicacco.iwwwo.com.br\/?page_id=2\">Direito Civil e Imobili\u00e1rio<\/a><\/span><\/li>\n<li><span style=\"color: #ffffff;\"><a style=\"color: #ffffff;\" href=\"https:\/\/peccicacco.iwwwo.com.br\/?page_id=13403\">Direito Trabalhista<\/a><\/span><\/li>\n<li><span style=\"color: #ffffff;\"><a style=\"color: #ffffff;\" href=\"https:\/\/peccicacco.iwwwo.com.br\/?page_id=13405\">Direito Empresarial<\/a><\/span><\/li>\n<li><span style=\"color: #ffffff;\"><a style=\"color: #ffffff;\" href=\"https:\/\/peccicacco.iwwwo.com.br\/?page_id=13407\">Direito Tribut\u00e1rio e Administrativo<\/a><\/span><\/li>\n<\/ul>\n<p><span style=\"color: #ffffff;\"><\/span><\/p><\/blockquote>\n<h3><span style=\"color: #ffffff;\">Por que contratar o Escrit\u00f3rio Peccicacco Advogados?<\/span><\/h3>\n<h4><span style=\"color: #ffffff;\">Advogados especializados<\/span><\/h4>\n<p><span style=\"color: #ffffff;\">O Escrit\u00f3rio Peccicacco Advogados conta com uma equipe de advogados e associados nas principais cidades e capitais do Pa\u00eds, estando capacitado a atender as necessidades de seus clientes em praticamente todo o territ\u00f3rio nacional.<\/span><\/p>\n<h4><span style=\"color: #ffffff;\">\u00c9tica e transpar\u00eancia<\/span><\/h4>\n<p><span style=\"color: #ffffff;\">Em todas as circunst\u00e2ncias mantemos a \u00e9tica, lealdade e transpar\u00eancia com nossos clientes, orientando-os juridicamente\u00a0a tomarem decis\u00f5es \u00edntegras para\u00a0preven\u00e7\u00e3o de riscos e disputas judiciais.<\/span><\/p>\n<h4><span style=\"color: #ffffff;\">Seguran\u00e7a e confidencialidade<\/span><\/h4>\n<p><span style=\"color: #ffffff;\">Com seguran\u00e7a tecnol\u00f3gica e sigilo garantimos a preserva\u00e7\u00e3o e confidencialidade de toda informa\u00e7\u00e3o.<\/span><\/p>\n<h4><span style=\"color: #ffffff;\">Atendimento de qualidade<\/span><\/h4>\n<p><span style=\"color: #ffffff;\">Advogados qualificados e compromissados buscam as mais atualizadas informa\u00e7\u00f5es para atuar com expertise na resolu\u00e7\u00e3o de seu caso\u00a0de forma efetiva, com agilidade e qualidade.<\/span><\/p>\n","protected":false},"excerpt":{"rendered":"<p>Escrit\u00f3rio Peccicacco Advogados OAB\/SP 2.741 Fundado em 1990, o Escrit\u00f3rio Peccicacco Advogados tem sua sede no Centro Empresarial de Alphaville, [&hellip;]<\/p>\n","protected":false},"author":1,"featured_media":0,"parent":0,"menu_order":0,"comment_status":"closed","ping_status":"closed","template":"","meta":{"footnotes":""},"class_list":["post-13457","page","type-page","status-publish","hentry"],"_links":{"self":[{"href":"https:\/\/peccicacco.iwwwo.com.br\/index.php?rest_route=\/wp\/v2\/pages\/13457","targetHints":{"allow":["GET"]}}],"collection":[{"href":"https:\/\/peccicacco.iwwwo.com.br\/index.php?rest_route=\/wp\/v2\/pages"}],"about":[{"href":"https:\/\/peccicacco.iwwwo.com.br\/index.php?rest_route=\/wp\/v2\/types\/page"}],"author":[{"embeddable":true,"href":"https:\/\/peccicacco.iwwwo.com.br\/index.php?rest_route=\/wp\/v2\/users\/1"}],"replies":[{"embeddable":true,"href":"https:\/\/peccicacco.iwwwo.com.br\/index.php?rest_route=%2Fwp%2Fv2%2Fcomments&post=13457"}],"version-history":[{"count":41,"href":"https:\/\/peccicacco.iwwwo.com.br\/index.php?rest_route=\/wp\/v2\/pages\/13457\/revisions"}],"predecessor-version":[{"id":25224,"href":"https:\/\/peccicacco.iwwwo.com.br\/index.php?rest_route=\/wp\/v2\/pages\/13457\/revisions\/25224"}],"wp:attachment":[{"href":"https:\/\/peccicacco.iwwwo.com.br\/index.php?rest_route=%2Fwp%2Fv2%2Fmedia&parent=13457"}],"curies":[{"name":"wp","href":"https:\/\/api.w.org\/{rel}","templated":true}]}}