{"id":13482,"date":"2023-07-06T15:33:23","date_gmt":"2023-07-06T18:33:23","guid":{"rendered":"https:\/\/peccicacco.iwwwo.com.br\/?page_id=13482"},"modified":"2024-06-27T09:13:46","modified_gmt":"2024-06-27T12:13:46","slug":"equipe","status":"publish","type":"page","link":"https:\/\/peccicacco.iwwwo.com.br\/?page_id=13482","title":{"rendered":"Equipe"},"content":{"rendered":"<h3><span style=\"color: #ffffff;\">S\u00f3cios:<\/span><\/h3>\n<h4 style=\"padding-left: 40px;\"><span style=\"color: #ffffff;\">F\u00e1bio Antonio Peccicacco _ OAB\/SP 25.760<\/span><\/h4>\n<p style=\"padding-left: 40px;\"><span style=\"color: #ffffff;\">Formado pela Universidade de S\u00e3o Paulo em 1970, integrou o departamento jur\u00eddico de empresas de grande porte por v\u00e1rios anos&#8230; <script type=\"text\/javascript\">\n\t\t\tfunction irPara1() {\n\t\t\t\twindow.location.href = \"https:\/\/peccicacco.iwwwo.com.br\/?page_id=13489\";\n\t\t\t}\n<\/script><br \/>\n<input type=\"button\" value=\"Saiba mais\" \/><\/span><\/p>\n<h4 class=\"person_title\" style=\"padding-left: 40px;\"><span style=\"color: #ffffff;\">M\u00f4nica Luz Ribeiro Carvalho _ OAB\/SP 121.001<\/span><\/h4>\n<p style=\"padding-left: 40px;\"><span style=\"color: #ffffff;\">Formada pelas Faculdades Metropolitanas Unidas em 1992, ingressou no Escrit\u00f3rio de Advocacia Peccicacco Advogados em 1990&#8230; <script type=\"text\/javascript\">\n\t\t\tfunction irPara2() {\n\t\t\t\twindow.location.href = \"https:\/\/peccicacco.iwwwo.com.br\/?page_id=13498\";\n\t\t\t}\n<\/script><br \/>\n<input type=\"button\" value=\"Saiba mais\" \/><\/span><\/p>\n<h4 class=\"person_title\" style=\"padding-left: 40px;\"><span style=\"color: #ffffff;\">Cl\u00e1udia Cristina Pinto Soares Alves _ OAB\/SP 127.544<\/span><\/h4>\n<p style=\"padding-left: 40px;\"><span style=\"color: #ffffff;\">Formada na UMC em 1993. P\u00f3s-graduada pela PUC em Direito do Trabalho. Respons\u00e1vel pela \u00e1rea trabalhista do Escrit\u00f3rio&#8230; <script type=\"text\/javascript\">\n\t\t\tfunction irPara3() {\n\t\t\t\twindow.location.href = \"https:\/\/peccicacco.iwwwo.com.br\/?page_id=13506\";\n\t\t\t}\n<\/script><br \/>\n<input type=\"button\" value=\"Saiba mais\" \/><\/span><\/p>\n<p>&nbsp;<\/p>\n<h3><span style=\"color: #ffffff;\">Associados:<\/span><\/h3>\n<h4 class=\"person_title\" style=\"padding-left: 40px;\"><span style=\"color: #ffffff;\">K\u00e1tia Filonzi Menk _ OAB\/SP 158.792<\/span><\/h4>\n<h4 class=\"person_title\" style=\"padding-left: 40px;\"><span style=\"color: #ffffff;\">Carla Joseli M. de Abreu Tessarin _ OAB\/SP 280.653<\/span><\/h4>\n<h4 class=\"person_title\" style=\"padding-left: 40px;\"><span style=\"color: #ffffff;\">Lidia Carla Costa Silva _ OAB\/SP 383.066<\/span><\/h4>\n<h4 class=\"person_title\" style=\"padding-left: 40px;\"><span style=\"color: #ffffff;\">Nat\u00e1lia Daciole Benedini _ OAB\/SP 425.418<\/span><\/h4>\n<h4 class=\"person_title\" style=\"padding-left: 40px;\"><span style=\"color: #ffffff;\">Daniel Wollenveber _ OAB\/SP 141.209<\/span><\/h4>\n<h4 class=\"person_title\" style=\"padding-left: 40px;\"><span style=\"color: #ffffff;\">Silvana de Molina De Lorenzi _ OAB\/SP 186.291<\/span><\/h4>\n<h4 class=\"person_title\" style=\"padding-left: 40px;\"><span style=\"color: #ffffff;\">Priscila Gavino Gomes Alves _ OAB\/SP 253.427<\/span><\/h4>\n","protected":false},"excerpt":{"rendered":"<p>S\u00f3cios: F\u00e1bio Antonio Peccicacco _ OAB\/SP 25.760 Formado pela Universidade de S\u00e3o Paulo em 1970, integrou o departamento jur\u00eddico de [&hellip;]<\/p>\n","protected":false},"author":1,"featured_media":0,"parent":0,"menu_order":0,"comment_status":"closed","ping_status":"closed","template":"","meta":{"footnotes":""},"class_list":["post-13482","page","type-page","status-publish","hentry"],"_links":{"self":[{"href":"https:\/\/peccicacco.iwwwo.com.br\/index.php?rest_route=\/wp\/v2\/pages\/13482","targetHints":{"allow":["GET"]}}],"collection":[{"href":"https:\/\/peccicacco.iwwwo.com.br\/index.php?rest_route=\/wp\/v2\/pages"}],"about":[{"href":"https:\/\/peccicacco.iwwwo.com.br\/index.php?rest_route=\/wp\/v2\/types\/page"}],"author":[{"embeddable":true,"href":"https:\/\/peccicacco.iwwwo.com.br\/index.php?rest_route=\/wp\/v2\/users\/1"}],"replies":[{"embeddable":true,"href":"https:\/\/peccicacco.iwwwo.com.br\/index.php?rest_route=%2Fwp%2Fv2%2Fcomments&post=13482"}],"version-history":[{"count":38,"href":"https:\/\/peccicacco.iwwwo.com.br\/index.php?rest_route=\/wp\/v2\/pages\/13482\/revisions"}],"predecessor-version":[{"id":25239,"href":"https:\/\/peccicacco.iwwwo.com.br\/index.php?rest_route=\/wp\/v2\/pages\/13482\/revisions\/25239"}],"wp:attachment":[{"href":"https:\/\/peccicacco.iwwwo.com.br\/index.php?rest_route=%2Fwp%2Fv2%2Fmedia&parent=13482"}],"curies":[{"name":"wp","href":"https:\/\/api.w.org\/{rel}","templated":true}]}}