{"id":2,"date":"2023-03-28T09:48:18","date_gmt":"2023-03-28T09:48:18","guid":{"rendered":"https:\/\/peccicacco.iwwwo.com.br\/?page_id=2"},"modified":"2024-02-22T10:02:49","modified_gmt":"2024-02-22T13:02:49","slug":"direito-civil-e-imobiliario","status":"publish","type":"page","link":"https:\/\/peccicacco.iwwwo.com.br\/?page_id=2","title":{"rendered":"Direito\u00a0Civil e Imobili\u00e1rio"},"content":{"rendered":"\r\n<h5><span style=\"color: #ffffff;\">O Escrit\u00f3rio Peccicacco Advogados atua em todas as esferas da\u00a0\u00e1rea\u00a0Civil e Imobili\u00e1ria, utilizando a melhor t\u00e9cnica jur\u00eddica e vis\u00e3o estrat\u00e9gica \u00edmpar para proporcionar aos seus clientes a resolu\u00e7\u00e3o c\u00e9lere de seus conflitos. Dentre os principais pontos abarcados pela atua\u00e7\u00e3o do Escrit\u00f3rio, de maneira exemplificativa, podemos citar:<\/span><\/h5>\r\n<p><span style=\"color: #ffffff;\">\r\n\r\n<\/span><\/p>\r\n<blockquote class=\"wp-block-quote is-layout-flow wp-block-quote-is-layout-flow\"><span style=\"color: #ffffff;\"><\/span>\r\n<ul class=\"wp-block-list\">\r\n<li><span style=\"color: #ffffff;\">Elabora\u00e7\u00e3o e Revis\u00e3o de Contratos (Contratos de presta\u00e7\u00e3o de Servi\u00e7o, Contrato de Plano de Sa\u00fade, Contratos de Seguro, Comodato, M\u00fatuo, Comiss\u00e3o, etc);<\/span><\/li>\r\n\r\n\r\n\r\n<li><span style=\"color: #ffffff;\">Lit\u00edgios envolvendo contratos;<\/span><\/li>\r\n\r\n\r\n\r\n<li><span style=\"color: #ffffff;\">A\u00e7\u00f5es indenizat\u00f3rias (Dano Material e Moral), entre outros.\u00a0<\/span><\/li>\r\n\r\n\r\n\r\n<li><span style=\"color: #ffffff;\">Direito de Fam\u00edlia e Sucess\u00f5es (Doa\u00e7\u00f5es, Invent\u00e1rios, Partilhas, etc).<\/span><\/li>\r\n<\/ul>\r\n<span style=\"color: #ffffff;\"><\/span><\/blockquote>\r\n<p><span style=\"color: #ffffff;\">\r\n\r\n<\/span><\/p>\r\n<h5><span style=\"color: #ffffff;\">No ramo do Direito Imobili\u00e1rio, o Peccicacco Advogados possui atua\u00e7\u00e3o marcante, dispondo de equipe de advogados especializados em prestar assessoria completa \u00e0s empresas, investidores e pessoas f\u00edsicas.<\/span><\/h5>\r\n<h5><span style=\"color: #ffffff;\">\r\n\r\n<\/span><\/h5>\r\n<h5><span style=\"color: #ffffff;\">A atua\u00e7\u00e3o do Escrit\u00f3rio Peccicacco Advogados \u00a0no ramo do direito imobili\u00e1rio abrange \u00e1reas importantes do mercado, tais como:<\/span><\/h5>\r\n<h5><span style=\"color: #ffffff;\">\r\n\r\n<\/span><\/h5>\r\n<blockquote class=\"wp-block-quote is-layout-flow wp-block-quote-is-layout-flow\">\r\n<span style=\"color: #ffffff;\"><\/span>\r\n<ul class=\"wp-block-list\">\r\n<li>\r\n<span style=\"color: #ffffff;\">Transa\u00e7\u00f5es e contratos imobili\u00e1rios (compromisso de compra e venda, arrendamento, comodato, empreitada, etc)<\/span>\r\n<\/li>\r\n\r\n\r\n\r\n<li><span style=\"color: #ffffff;\">Loca\u00e7\u00f5es empresariais e residenciais, renovat\u00f3rias, revisionais, despejos e cobran\u00e7a de alugueres;<\/span><\/li>\r\n\r\n\r\n\r\n<li><span style=\"color: #ffffff;\">Assessoria jur\u00eddica a condom\u00ednios (Cobran\u00e7a de inadimplentes, solu\u00e7\u00f5es para obras irregulares, quest\u00f5es regulamentais, notifica\u00e7\u00f5es, orienta\u00e7\u00f5es preventivas e\u00a0etc).<\/span><\/li>\r\n\r\n\r\n\r\n<li><span style=\"color: #ffffff;\">Quest\u00f5es possess\u00f3rias em geral;<\/span><\/li>\r\n\r\n\r\n\r\n<li><span style=\"color: #ffffff;\">Usucapi\u00e3o, regulariza\u00e7\u00e3o e retifica\u00e7\u00e3o de matr\u00edculas;<\/span><\/li>\r\n\r\n\r\n\r\n<li><span style=\"color: #ffffff;\">Medidas cautelares e an\u00e1lise de riscos na compra e venda de im\u00f3veis\u00a0<em>(due diligence)<\/em>;<\/span><\/li>\r\n\r\n\r\n\r\n<li><span style=\"color: #ffffff;\">Procedimentos registrais em geral.<\/span><\/li>\r\n<\/ul>\r\n<\/blockquote>\r\n\r\n","protected":false},"excerpt":{"rendered":"<p>O Escrit\u00f3rio Peccicacco Advogados atua em todas as esferas da\u00a0\u00e1rea\u00a0Civil e Imobili\u00e1ria, utilizando a melhor t\u00e9cnica jur\u00eddica e vis\u00e3o estrat\u00e9gica [&hellip;]<\/p>\n","protected":false},"author":1,"featured_media":25214,"parent":0,"menu_order":0,"comment_status":"closed","ping_status":"closed","template":"","meta":{"footnotes":""},"class_list":["post-2","page","type-page","status-publish","has-post-thumbnail","hentry"],"_links":{"self":[{"href":"https:\/\/peccicacco.iwwwo.com.br\/index.php?rest_route=\/wp\/v2\/pages\/2","targetHints":{"allow":["GET"]}}],"collection":[{"href":"https:\/\/peccicacco.iwwwo.com.br\/index.php?rest_route=\/wp\/v2\/pages"}],"about":[{"href":"https:\/\/peccicacco.iwwwo.com.br\/index.php?rest_route=\/wp\/v2\/types\/page"}],"author":[{"embeddable":true,"href":"https:\/\/peccicacco.iwwwo.com.br\/index.php?rest_route=\/wp\/v2\/users\/1"}],"replies":[{"embeddable":true,"href":"https:\/\/peccicacco.iwwwo.com.br\/index.php?rest_route=%2Fwp%2Fv2%2Fcomments&post=2"}],"version-history":[{"count":38,"href":"https:\/\/peccicacco.iwwwo.com.br\/index.php?rest_route=\/wp\/v2\/pages\/2\/revisions"}],"predecessor-version":[{"id":25237,"href":"https:\/\/peccicacco.iwwwo.com.br\/index.php?rest_route=\/wp\/v2\/pages\/2\/revisions\/25237"}],"wp:featuredmedia":[{"embeddable":true,"href":"https:\/\/peccicacco.iwwwo.com.br\/index.php?rest_route=\/wp\/v2\/media\/25214"}],"wp:attachment":[{"href":"https:\/\/peccicacco.iwwwo.com.br\/index.php?rest_route=%2Fwp%2Fv2%2Fmedia&parent=2"}],"curies":[{"name":"wp","href":"https:\/\/api.w.org\/{rel}","templated":true}]}}