{"id":65,"date":"2023-03-28T19:06:48","date_gmt":"2023-03-28T19:06:48","guid":{"rendered":"https:\/\/peccicacco.iwwwo.com.br\/?page_id=65"},"modified":"2023-07-07T14:56:44","modified_gmt":"2023-07-07T17:56:44","slug":"politica-de-privacidade","status":"publish","type":"page","link":"https:\/\/peccicacco.iwwwo.com.br\/?page_id=65","title":{"rendered":"Pol\u00edtica de Privacidade"},"content":{"rendered":"\r\n<p><span style=\"color: #ffffff;\">A sua privacidade \u00e9 importante para n\u00f3s. A pol\u00edtica deste site \u00e9 respeitar a sua privacidade em rela\u00e7\u00e3o a qualquer informa\u00e7\u00e3o sua que possamos coletar.<\/span><\/p>\r\n<p><span style=\"color: #ffffff;\">\r\n\r\n<\/span><\/p>\r\n<p><span style=\"color: #ffffff;\">Solicitamos informa\u00e7\u00f5es pessoais apenas quando, realmente, precisamos delas para fornecer um servi\u00e7o. E isto \u00e9 feito por meios justos e legais, com o seu conhecimento e consentimento. Tamb\u00e9m informamos por que estamos coletando e como ser\u00e3o usadas.<\/span><\/p>\r\n<p><span style=\"color: #ffffff;\">\r\n\r\n<\/span><\/p>\r\n<p><span style=\"color: #ffffff;\">Apenas retemos as informa\u00e7\u00f5es coletadas pelo tempo necess\u00e1rio para fornecer o servi\u00e7o solicitado. Quando armazenamos dados, protegemos dentro de meios comercialmente aceit\u00e1veis para evitar perdas e roubos, bem como acesso, divulga\u00e7\u00e3o, c\u00f3pia, uso ou modifica\u00e7\u00e3o n\u00e3o autorizados.<\/span><\/p>\r\n<p><span style=\"color: #ffffff;\">\r\n\r\n<\/span><\/p>\r\n<p><span style=\"color: #ffffff;\">N\u00e3o compartilhamos informa\u00e7\u00f5es de identifica\u00e7\u00e3o pessoal publicamente ou com terceiros, exceto quando exigido por lei.<\/span><\/p>\r\n<p><span style=\"color: #ffffff;\">\r\n\r\n<\/span><\/p>\r\n<p><span style=\"color: #ffffff;\">O nosso site pode ter links para sites externos que n\u00e3o s\u00e3o operados por n\u00f3s. Esteja ciente de que n\u00e3o temos controle sobre os conte\u00fados e as pr\u00e1ticas desses sites e n\u00e3o podemos aceitar a responsabilidade por suas respectivas pol\u00edticas de privacidade.<\/span><\/p>\r\n<p><span style=\"color: #ffffff;\">\r\n\r\n<\/span><\/p>\r\n<p><span style=\"color: #ffffff;\">Voc\u00ea \u00e9 livre para recusar a nossa solicita\u00e7\u00e3o de informa\u00e7\u00f5es pessoais, entendendo que talvez n\u00e3o possamos fornecer alguns dos servi\u00e7os desejados.<\/span><\/p>\r\n<p><span style=\"color: #ffffff;\">\r\n\r\n<\/span><\/p>\r\n<p><span style=\"color: #ffffff;\">O uso continuado de nosso site ser\u00e1 considerado como aceita\u00e7\u00e3o de nossas pr\u00e1ticas em torno de privacidade e informa\u00e7\u00f5es pessoais. Se voc\u00ea tiver alguma d\u00favida sobre como lidamos com dados do usu\u00e1rio e informa\u00e7\u00f5es pessoais, entre em contato conosco.<\/span><\/p>\r\n<p><span style=\"color: #ffffff;\">\r\n\r\n<\/span><\/p>\r\n<p><span style=\"color: #ffffff;\"><strong>POL\u00cdTICA DE COOKIES<\/strong><\/span><\/p>\r\n<p><span style=\"color: #ffffff;\">\r\n\r\n<\/span><\/p>\r\n<p><span style=\"color: #ffffff;\"><strong><em>O que s\u00e3o cookies?<\/em><\/strong><\/span><br \/><span style=\"color: #ffffff;\">Como \u00e9 pr\u00e1tica comum em quase todos os sites profissionais, este site usa cookies, que s\u00e3o pequenos arquivos de texto baixados no seu computador, para melhorar sua experi\u00eancia. Esta p\u00e1gina descreve quais informa\u00e7\u00f5es eles coletam, como as usamos e por que \u00e0s vezes precisamos armazenar esses cookies. Tamb\u00e9m compartilharemos como voc\u00ea pode impedir que esses cookies sejam armazenados, no entanto, isso pode resultar em \u201cdowngrade\u201d ou \u201cquebrar\u201d certos elementos da funcionalidade do site.<\/span><\/p>\r\n<p><span style=\"color: #ffffff;\">\r\n\r\n<\/span><\/p>\r\n<p><span style=\"color: #ffffff;\"><strong><em>Como usamos os cookies?<\/em><\/strong><\/span><br \/><span style=\"color: #ffffff;\">Utilizamos cookies pelos motivos detalhados abaixo. Infelizmente, na maioria dos casos, n\u00e3o existem op\u00e7\u00f5es padr\u00e3o do setor para desativar os cookies sem desativar completamente a funcionalidade e os recursos que eles adicionam a este site. \u00c9 recomend\u00e1vel que voc\u00ea deixe todos os cookies se n\u00e3o tiver certeza se precisa ou n\u00e3o deles, caso sejam usados para fornecer um servi\u00e7o que voc\u00ea usa.<\/span><\/p>\r\n<p><span style=\"color: #ffffff;\">\r\n\r\n<\/span><\/p>\r\n<p><span style=\"color: #ffffff;\"><strong><em>Desativar cookies<\/em><\/strong><\/span><br \/><span style=\"color: #ffffff;\">Voc\u00ea pode impedir a configura\u00e7\u00e3o de cookies ajustando as configura\u00e7\u00f5es do seu navegador (consulte a \u201cAjuda\u201d do navegador para saber como fazer isso). Esteja ciente de que a desativa\u00e7\u00e3o de cookies afetar\u00e1 a funcionalidade deste e de muitos outros sites que voc\u00ea visita. A desativa\u00e7\u00e3o de cookies geralmente resultar\u00e1 na desativa\u00e7\u00e3o de determinadas funcionalidades e recursos. Portanto, \u00e9 recomend\u00e1vel que voc\u00ea n\u00e3o desative os cookies.<\/span><\/p>\r\n<p><span style=\"color: #ffffff;\">\r\n\r\n<\/span><\/p>\r\n<p><span style=\"color: #ffffff;\"><strong><em>Cookies que definimos<\/em><\/strong><\/span><br \/><span style=\"color: #ffffff;\"><strong>Cookies relacionados \u00e0 conta:<\/strong>\u00a0se voc\u00ea criar uma conta de cadastro conosco, usaremos cookies para o gerenciamento do processo de inscri\u00e7\u00e3o e administra\u00e7\u00e3o geral. Esses cookies geralmente ser\u00e3o exclu\u00eddos quando voc\u00ea sair do sistema, por\u00e9m, em alguns casos, eles poder\u00e3o permanecer posteriormente para lembrar as suas prefer\u00eancias no site ao sair.<\/span><br \/><span style=\"color: #ffffff;\"><strong>Cookies relacionados ao login:<\/strong>\u00a0utilizamos cookies quando voc\u00ea est\u00e1 logado, para que possamos lembrar dessa a\u00e7\u00e3o. Isso evita que voc\u00ea precise fazer login sempre que visitar uma nova p\u00e1gina. Esses cookies s\u00e3o normalmente removidos ou limpos quando voc\u00ea efetua logout para garantir que voc\u00ea possa acessar apenas a recursos e \u00e1reas restritas ao efetuar login.<\/span><br \/><span style=\"color: #ffffff;\"><strong>Cookies relacionados a boletins por e-mail:<\/strong>\u00a0este site oferece servi\u00e7os de assinatura de boletim informativo por e-mail e os cookies podem ser usados para lembrar se voc\u00ea j\u00e1 est\u00e1 registrado e se deve mostrar determinadas notifica\u00e7\u00f5es v\u00e1lidas apenas para usu\u00e1rios inscritos ou n\u00e3o inscritos.<\/span><br \/><span style=\"color: #ffffff;\"><strong>Cookies relacionados a pesquisas:<\/strong>\u00a0periodicamente, poderemos oferecer pesquisas e question\u00e1rios para fornecer informa\u00e7\u00f5es interessantes, ferramentas \u00fateis ou para entender nossa base de usu\u00e1rios com mais precis\u00e3o. Essas pesquisas podem usar cookies para lembrar quem j\u00e1 participou numa pesquisa ou para fornecer resultados precisos ap\u00f3s a altera\u00e7\u00e3o das p\u00e1ginas.<\/span><br \/><span style=\"color: #ffffff;\"><strong>Cookies relacionados a formul\u00e1rios:<\/strong>\u00a0quando voc\u00ea envia dados por meio de um formul\u00e1rio, como os encontrados nas p\u00e1ginas de contato ou nos formul\u00e1rios de coment\u00e1rios, os cookies podem ser configurados para lembrar os detalhes do usu\u00e1rio para correspond\u00eancia futura.<\/span><br \/><span style=\"color: #ffffff;\"><strong>Cookies de prefer\u00eancias do site:<\/strong>\u00a0para proporcionar uma \u00f3tima experi\u00eancia neste site, utilizamos a funcionalidade para definir suas prefer\u00eancias de como esse site \u00e9 executado quando voc\u00ea o usa. Para lembrar suas prefer\u00eancias, precisamos definir cookies para que essas informa\u00e7\u00f5es possam ser chamadas sempre que voc\u00ea interagir com uma p\u00e1gina afetada por suas prefer\u00eancias.<\/span><\/p>\r\n<p><span style=\"color: #ffffff;\">\r\n\r\n<\/span><\/p>\r\n<p><span style=\"color: #ffffff;\"><strong><em>Cookies de Terceiros<\/em><\/strong><\/span><br \/><span style=\"color: #ffffff;\">Em alguns casos especiais, tamb\u00e9m usamos cookies fornecidos por terceiros confi\u00e1veis. Este site usa o Google Analytics, que \u00e9 uma das solu\u00e7\u00f5es de an\u00e1lise mais difundidas e confi\u00e1veis da Web, para nos ajudar a entender como voc\u00ea usa o site e como podemos melhorar sua experi\u00eancia. Para que possamos continuar produzindo um conte\u00fado atraente, esses cookies podem rastrear o tempo que voc\u00ea gasta no site e as p\u00e1ginas visitadas.<\/span><\/p>\r\n<p><span style=\"color: #ffffff;\">\r\n\r\n<\/span><\/p>\r\n<p><span style=\"color: #ffffff;\">Periodicamente, testamos novos recursos e fazemos altera\u00e7\u00f5es sutis na maneira como o site se apresenta. Durante testes de novos recursos, esses cookies podem ser usados para garantir que voc\u00ea receba uma experi\u00eancia consistente enquanto estiver no site.<\/span><br \/><span style=\"color: #ffffff;\">Para mais informa\u00e7\u00f5es sobre os cookies do Google Analytics, consulte a p\u00e1gina oficial do Google Analytics, dispon\u00edvel em https:\/\/analytics.google.com\/.<\/span><\/p>\r\n<p><span style=\"color: #ffffff;\">\r\n\r\n<\/span><\/p>\r\n<p><span style=\"color: #ffffff;\"><strong>COMPROMISSO DO USU\u00c1RIO<\/strong><\/span><\/p>\r\n<p><span style=\"color: #ffffff;\">\r\n\r\n<\/span><\/p>\r\n<p><span style=\"color: #ffffff;\">O usu\u00e1rio deve se comprometer a fazer uso adequado dos conte\u00fados e das informa\u00e7\u00f5es deste site:<\/span><\/p>\r\n<p><span style=\"color: #ffffff;\">\r\n\r\n<\/span><\/p>\r\n<p><span style=\"color: #ffffff;\">a) N\u00e3o utilizar o conte\u00fado e as informa\u00e7\u00f5es em atividades ilegais ou contr\u00e1rias \u00e0 boa f\u00e9 e \u00e0 ordem p\u00fablica; tampouco na difus\u00e3o de propaganda de natureza racista, xenof\u00f3bica ou preconceituosa, ou na apologia a jogos de azar, pornografia ilegal, terrorismo ou contra os direitos humanos.<\/span><\/p>\r\n<p><span style=\"color: #ffffff;\">\r\n\r\n<\/span><\/p>\r\n<p><span style=\"color: #ffffff;\">b) N\u00e3o causar danos aos sistemas f\u00edsicos (hardwares) e l\u00f3gicos (softwares) deste site, de seus fornecedores ou terceiros, para introduzir ou disseminar v\u00edrus inform\u00e1ticos ou quaisquer outros sistemas de hardware ou software que sejam capazes de causar danos.<\/span><\/p>\r\n<p><span style=\"color: #ffffff;\">\r\n\r\n<\/span><\/p>\r\n<p><span style=\"color: #ffffff;\"><strong>EFETIVA\u00c7\u00c3O<\/strong><\/span><\/p>\r\n<p><span style=\"color: #ffffff;\">\r\n\r\n<\/span><\/p>\r\n<p><span style=\"color: #ffffff;\">Esta pol\u00edtica se efetiva a partir de\u00a0<strong>agosto de 2021<\/strong>.<\/span><\/p>\r\n","protected":false},"excerpt":{"rendered":"<p>A sua privacidade \u00e9 importante para n\u00f3s. A pol\u00edtica deste site \u00e9 respeitar a sua privacidade em rela\u00e7\u00e3o a qualquer [&hellip;]<\/p>\n","protected":false},"author":1,"featured_media":0,"parent":0,"menu_order":0,"comment_status":"closed","ping_status":"closed","template":"elementor_header_footer","meta":{"footnotes":""},"class_list":["post-65","page","type-page","status-publish","hentry"],"_links":{"self":[{"href":"https:\/\/peccicacco.iwwwo.com.br\/index.php?rest_route=\/wp\/v2\/pages\/65","targetHints":{"allow":["GET"]}}],"collection":[{"href":"https:\/\/peccicacco.iwwwo.com.br\/index.php?rest_route=\/wp\/v2\/pages"}],"about":[{"href":"https:\/\/peccicacco.iwwwo.com.br\/index.php?rest_route=\/wp\/v2\/types\/page"}],"author":[{"embeddable":true,"href":"https:\/\/peccicacco.iwwwo.com.br\/index.php?rest_route=\/wp\/v2\/users\/1"}],"replies":[{"embeddable":true,"href":"https:\/\/peccicacco.iwwwo.com.br\/index.php?rest_route=%2Fwp%2Fv2%2Fcomments&post=65"}],"version-history":[{"count":5,"href":"https:\/\/peccicacco.iwwwo.com.br\/index.php?rest_route=\/wp\/v2\/pages\/65\/revisions"}],"predecessor-version":[{"id":13582,"href":"https:\/\/peccicacco.iwwwo.com.br\/index.php?rest_route=\/wp\/v2\/pages\/65\/revisions\/13582"}],"wp:attachment":[{"href":"https:\/\/peccicacco.iwwwo.com.br\/index.php?rest_route=%2Fwp%2Fv2%2Fmedia&parent=65"}],"curies":[{"name":"wp","href":"https:\/\/api.w.org\/{rel}","templated":true}]}}