{"id":71,"date":"2023-03-28T20:15:17","date_gmt":"2023-03-28T20:15:17","guid":{"rendered":"https:\/\/peccicacco.iwwwo.com.br\/?page_id=71"},"modified":"2024-02-22T09:46:25","modified_gmt":"2024-02-22T12:46:25","slug":"home","status":"publish","type":"page","link":"https:\/\/peccicacco.iwwwo.com.br\/","title":{"rendered":"Peccicacco Advogados"},"content":{"rendered":"<p><img loading=\"lazy\" decoding=\"async\" class=\"alignleft wp-image-25212 size-full\" src=\"https:\/\/peccicacco.iwwwo.com.br\/wp-content\/uploads\/2024\/02\/entrada-velha.jpg\" alt=\"\" width=\"1341\" height=\"324\" srcset=\"https:\/\/peccicacco.iwwwo.com.br\/wp-content\/uploads\/2024\/02\/entrada-velha.jpg 1341w, https:\/\/peccicacco.iwwwo.com.br\/wp-content\/uploads\/2024\/02\/entrada-velha-300x72.jpg 300w, https:\/\/peccicacco.iwwwo.com.br\/wp-content\/uploads\/2024\/02\/entrada-velha-1024x247.jpg 1024w, https:\/\/peccicacco.iwwwo.com.br\/wp-content\/uploads\/2024\/02\/entrada-velha-768x186.jpg 768w\" sizes=\"auto, (max-width: 1341px) 100vw, 1341px\" \/><\/p>\r\n\r\n<div class=\"wp-block-group\"><div class=\"wp-block-group__inner-container is-layout-constrained wp-block-group-is-layout-constrained\">\r\n<div class=\"wp-block-columns has-grey-color has-tan-background-color has-text-color has-background is-layout-flex wp-container-core-columns-is-layout-9d6595d7 wp-block-columns-is-layout-flex\">\r\n<div class=\"wp-block-column has-black-color has-tan-background-color has-text-color has-background is-layout-flow wp-block-column-is-layout-flow\">\r\n<h4 class=\"wp-block-heading\"><span style=\"color: #333333;\">Direito\u00a0Civil e Imobili\u00e1rio<\/span><\/h4>\r\n\r\n\r\n\r\n<p>O Escrit\u00f3rio Peccicacco Advogados atua em todas as esferas da \u00e1rea C\u00edvel e Imobili\u00e1ria, utilizando a melhor t\u00e9cnica jur\u00eddica e vis\u00e3o estrat\u00e9gica para proporcionar aos seus clientes a resolu\u00e7\u00e3o de seus conflitos&#8230;<\/p>\r\n<p class=\"has-grey-color has-text-color\">\r\n\r\n<\/p>\r\n<p><a href=\"https:\/\/peccicacco.iwwwo.com.br\/?p=2\" data-type=\"URL\">Saiba mais<\/a><\/p>\r\n<p class=\"has-grey-color has-text-color\"><\/p>\r\n<\/div>\r\n\r\n\r\n\r\n<div class=\"wp-block-column has-black-color has-tan-background-color has-text-color has-background is-layout-flow wp-block-column-is-layout-flow\">\r\n<h4 class=\"wp-block-heading\"><span style=\"color: #333333;\">Direito Trabalhista<\/span><\/h4>\r\n\r\n\r\n\r\n<p>A \u00e1rea Trabalhista do Escrit\u00f3rio Peccicacco Advogados fornece a seus clientes servi\u00e7os consultivos sobre: Adequa\u00e7\u00e3o de regime contratual aplic\u00e1vel; os institutos da equipara\u00e7\u00e3o salarial&#8230;<\/p>\r\n<p class=\"has-grey-color has-text-color\">\r\n\r\n<\/p>\r\n<p><a href=\"https:\/\/peccicacco.iwwwo.com.br\/?p=13403\">Saiba mais<\/a><\/p>\r\n<p class=\"has-grey-color has-text-color\"><\/p>\r\n<\/div>\r\n\r\n\r\n\r\n<div class=\"wp-block-column has-black-color has-tan-background-color has-text-color has-background is-layout-flow wp-block-column-is-layout-flow\">\r\n<h4 class=\"wp-block-heading\"><span style=\"color: #333333;\">Direito Empresarial<\/span><\/h4>\r\n\r\n\r\n\r\n<p>Com atua\u00e7\u00e3o consolidada no \u00e2mbito empresarial, o Escrit\u00f3rio Peccicacco Advogados visa a manuten\u00e7\u00e3o e o crescimento deste setor, focando esfor\u00e7os na \u00e1rea de cobran\u00e7as, recupera\u00e7\u00e3o&#8230;<\/p>\r\n<p class=\"has-grey-color has-text-color\">\r\n\r\n<\/p>\r\n<p><a href=\"https:\/\/peccicacco.iwwwo.com.br\/?p=13405\">Saiba mais<\/a><\/p>\r\n<p class=\"has-grey-color has-text-color\"><\/p>\r\n<\/div>\r\n\r\n\r\n\r\n<div class=\"wp-block-column has-black-color has-tan-background-color has-text-color has-background is-layout-flow wp-block-column-is-layout-flow\">\r\n<h4 class=\"wp-block-heading\"><span style=\"color: #333333;\">Direito Tribut\u00e1rio<br \/>e Administrativo<\/span><\/h4>\r\n\r\n\r\n\r\n<p>O Escrit\u00f3rio Peccicacco Advogados atua no ramo de Direito Tribut\u00e1rio, consultiva e contenciosamente, nas esferas administrativa e judicial, sempre adotando a melhor estrat\u00e9gia para&#8230;<\/p>\r\n\r\n\r\n\r\n<p><a href=\"https:\/\/peccicacco.iwwwo.com.br\/?p=13407\">Saiba mais<\/a><\/p>\r\n<\/div>\r\n<\/div>\r\n<\/div><\/div>\r\n\r\n\r\n\r\n<div class=\"wp-block-columns has-black-color has-tan-background-color has-text-color has-background is-layout-flex wp-container-core-columns-is-layout-9d6595d7 wp-block-columns-is-layout-flex\">\r\n<div class=\"wp-block-column\">\r\n<figure class=\"wp-block-image size-full is-resized\"><img loading=\"lazy\" decoding=\"async\" class=\"wp-image-84 alignright\" src=\"https:\/\/peccicacco.iwwwo.com.br\/wp-content\/uploads\/2023\/03\/predio.jpg\" alt=\"\" width=\"336\" height=\"220\" srcset=\"https:\/\/peccicacco.iwwwo.com.br\/wp-content\/uploads\/2023\/03\/predio.jpg 509w, https:\/\/peccicacco.iwwwo.com.br\/wp-content\/uploads\/2023\/03\/predio-300x197.jpg 300w\" sizes=\"auto, (max-width: 336px) 100vw, 336px\" \/><\/figure>\r\n<p>Fundado em 1990, o Escrit\u00f3rio Peccicacco Advogados tem sua sede no Centro Empresarial de Alphaville, um dos principais polos empresariais de S\u00e3o Paulo e representa\u00e7\u00e3o em todas as capitais do Pa\u00eds, estando equipado com avan\u00e7ados meios tecnol\u00f3gicos e profissionais com alto n\u00edvel t\u00e9cnico para resolver de forma r\u00e1pida e efetiva os assuntos inerentes \u00e0 atividade a que se prop\u00f5e, sempre com produtividade, agilidade e qualidade.<\/p>\r\n<p><a href=\"https:\/\/peccicacco.iwwwo.com.br\/?page_id=13457\">Saiba mais<\/a><\/p>\r\n<\/div>\r\n<\/div>\r\n\r\n\r\n\r\n<div class=\"wp-block-columns has-black-color has-tan-background-color has-text-color has-background is-layout-flex wp-container-core-columns-is-layout-9d6595d7 wp-block-columns-is-layout-flex\">\r\n<p>Precisando de Assessoria Jur\u00eddica?\u00a0<a href=\"https:\/\/peccicacco.iwwwo.com.br\/?page_id=17114\">Fale<\/a> com a Peccicacco!<\/p>\r\n<\/div>\r\n","protected":false},"excerpt":{"rendered":"<p>Direito\u00a0Civil e Imobili\u00e1rio O Escrit\u00f3rio Peccicacco Advogados atua em todas as esferas da \u00e1rea C\u00edvel e Imobili\u00e1ria, utilizando a melhor [&hellip;]<\/p>\n","protected":false},"author":1,"featured_media":0,"parent":0,"menu_order":0,"comment_status":"closed","ping_status":"closed","template":"","meta":{"footnotes":""},"class_list":["post-71","page","type-page","status-publish","hentry"],"_links":{"self":[{"href":"https:\/\/peccicacco.iwwwo.com.br\/index.php?rest_route=\/wp\/v2\/pages\/71","targetHints":{"allow":["GET"]}}],"collection":[{"href":"https:\/\/peccicacco.iwwwo.com.br\/index.php?rest_route=\/wp\/v2\/pages"}],"about":[{"href":"https:\/\/peccicacco.iwwwo.com.br\/index.php?rest_route=\/wp\/v2\/types\/page"}],"author":[{"embeddable":true,"href":"https:\/\/peccicacco.iwwwo.com.br\/index.php?rest_route=\/wp\/v2\/users\/1"}],"replies":[{"embeddable":true,"href":"https:\/\/peccicacco.iwwwo.com.br\/index.php?rest_route=%2Fwp%2Fv2%2Fcomments&post=71"}],"version-history":[{"count":97,"href":"https:\/\/peccicacco.iwwwo.com.br\/index.php?rest_route=\/wp\/v2\/pages\/71\/revisions"}],"predecessor-version":[{"id":25235,"href":"https:\/\/peccicacco.iwwwo.com.br\/index.php?rest_route=\/wp\/v2\/pages\/71\/revisions\/25235"}],"wp:attachment":[{"href":"https:\/\/peccicacco.iwwwo.com.br\/index.php?rest_route=%2Fwp%2Fv2%2Fmedia&parent=71"}],"curies":[{"name":"wp","href":"https:\/\/api.w.org\/{rel}","templated":true}]}}